{"id":44,"date":"2024-12-01T00:36:58","date_gmt":"2024-11-30T23:36:58","guid":{"rendered":"https:\/\/xenome.genoscope.cns.fr\/?page_id=44"},"modified":"2024-12-19T13:46:07","modified_gmt":"2024-12-19T12:46:07","slug":"accueil","status":"publish","type":"page","link":"https:\/\/xenome.genoscope.cns.fr\/fr\/","title":{"rendered":""},"content":{"rendered":"<div class=\"wp-block-group alignfull has-global-padding is-layout-constrained wp-block-group-is-layout-constrained\">\n<div class=\"wp-block-columns alignfull is-layout-flex wp-container-core-columns-is-layout-28f84493 wp-block-columns-is-layout-flex\">\n<div class=\"wp-block-column is-layout-flow wp-block-column-is-layout-flow\" style=\"flex-basis:100%\">\n<div class=\"wp-block-cover alignfull is-light is-repeated wp-duotone-unset-1\"><span aria-hidden=\"true\" class=\"wp-block-cover__background has-background-dim\" style=\"background-color:#fcfcfc\"><\/span><div class=\"wp-block-cover__image-background wp-image-469 is-repeated\" style=\"background-position:45% 35%;background-image:url(https:\/\/xenome.genoscope.cns.fr\/wp-content\/uploads\/2024\/12\/xenome-2023-03-08-16h43m41sFluorescein.jpg)\"><\/div><div class=\"wp-block-cover__inner-container is-layout-flow wp-block-cover-is-layout-flow\">\n<p class=\"has-text-align-center has-xx-large-font-size\"><strong>Concevoir, Construire, Evoluer<\/strong><\/p>\n<\/div><\/div>\n<\/div>\n<\/div>\n<\/div>\n\n\n\n<div style=\"height:73px\" aria-hidden=\"true\" class=\"wp-block-spacer\"><\/div>\n\n\n\n<div class=\"wp-block-columns alignwide is-layout-flex wp-container-core-columns-is-layout-28f84493 wp-block-columns-is-layout-flex\">\n<div class=\"wp-block-column is-layout-flow wp-block-column-is-layout-flow\">\n<p class=\"has-text-align-center\" style=\"margin-right:var(--wp--preset--spacing--10);margin-left:var(--wp--preset--spacing--10);font-size:clamp(1.066rem, 1.066rem + ((1vw - 0.2rem) * 0.973), 1.65rem);\">Notre laboratoire \u00e9tudie la diversification des bases de l'ADN gr\u00e2ce au d\u00e9veloppement de syst\u00e8mes d'information artificiels bas\u00e9s sur un nouveau type d'acides nucl\u00e9iques appel\u00e9s XNA pour Xenobiotic nucleic acids. Nous nous int\u00e9ressons aussi \u00e0 la diversification des acides nucl\u00e9iques dans le monde vivant naturel.<\/p>\n\n\n\n<p><\/p>\n\n\n\n<p class=\"has-text-align-center\" style=\"margin-right:var(--wp--preset--spacing--10);margin-left:var(--wp--preset--spacing--10);font-size:clamp(1.066rem, 1.066rem + ((1vw - 0.2rem) * 0.973), 1.65rem);\">L\u2019\u00e9quipe X\u00e9nome fait partie du laboratoire de Biologie de Synth\u00e8se et des Syst\u00e8mes (LiSSB, Dir : Val\u00e9rie Pezo) de l\u2019unit\u00e9 de recherche UMR 8030 (G\u00e9nomique M\u00e9tabolique), rattach\u00e9e \u00e0 l'Institut de Biologie Fran\u00e7ois Jacob du CEA. Nous sommes localis\u00e9s au Genoscope (Centre National de S\u00e9quen\u00e7age) \u00e0 Evry (30 Km au sud de Paris). Notre \u00e9quipe b\u00e9n\u00e9ficie d'un environnement tr\u00e8s dynamique et interdisciplinaire, comprenant des biologistes, des microbiologistes, des chimistes, des biochimistes, des informaticiens et des bioinformaticiens.<\/p>\n<\/div>\n<\/div>\n\n\n\n<div style=\"height:100px\" aria-hidden=\"true\" class=\"wp-block-spacer\"><\/div>\n\n\n\n<p class=\"has-text-align-center has-large-font-size\">Collaborateurs CEA<\/p>\n\n\n\n<div class=\"wp-block-group is-layout-grid wp-container-core-group-is-layout-988b637e wp-block-group-is-layout-grid\">\n<figure class=\"wp-block-image size-large wp-container-content-2155ee95\"><a href=\"https:\/\/labgem.genoscope.cns.fr\/\"><img fetchpriority=\"high\" decoding=\"async\" width=\"1024\" height=\"1024\" src=\"https:\/\/xenome.genoscope.cns.fr\/wp-content\/uploads\/2024\/12\/GENOSCOPE-LABGeM-1024x1024.jpg\" alt=\"\" class=\"wp-image-295\" srcset=\"https:\/\/xenome.genoscope.cns.fr\/wp-content\/uploads\/2024\/12\/GENOSCOPE-LABGeM-1024x1024.jpg 1024w, https:\/\/xenome.genoscope.cns.fr\/wp-content\/uploads\/2024\/12\/GENOSCOPE-LABGeM-300x300.jpg 300w, https:\/\/xenome.genoscope.cns.fr\/wp-content\/uploads\/2024\/12\/GENOSCOPE-LABGeM-150x150.jpg 150w, https:\/\/xenome.genoscope.cns.fr\/wp-content\/uploads\/2024\/12\/GENOSCOPE-LABGeM-768x768.jpg 768w, https:\/\/xenome.genoscope.cns.fr\/wp-content\/uploads\/2024\/12\/GENOSCOPE-LABGeM-500x500.jpg 500w, https:\/\/xenome.genoscope.cns.fr\/wp-content\/uploads\/2024\/12\/GENOSCOPE-LABGeM-800x800.jpg 800w, https:\/\/xenome.genoscope.cns.fr\/wp-content\/uploads\/2024\/12\/GENOSCOPE-LABGeM-1280x1280.jpg 1280w, https:\/\/xenome.genoscope.cns.fr\/wp-content\/uploads\/2024\/12\/GENOSCOPE-LABGeM.jpg 1500w\" sizes=\"(max-width: 1024px) 100vw, 1024px\" \/><\/a><\/figure>\n\n\n\n<figure class=\"wp-block-image size-full\"><a href=\"https:\/\/jacob.cea.fr\/drf\/ifrancoisjacob\/Pages\/Departements\/Genoscope\/Les-laboratoires\/UMR_8030\/Genomique-et-Biochimie-du-Metabolisme.aspx\"><img decoding=\"async\" width=\"800\" height=\"200\" src=\"https:\/\/xenome.genoscope.cns.fr\/wp-content\/uploads\/2024\/12\/ban-biocat-en-800x200-1.jpg\" alt=\"\" class=\"wp-image-298\" style=\"aspect-ratio:1;object-fit:cover\" srcset=\"https:\/\/xenome.genoscope.cns.fr\/wp-content\/uploads\/2024\/12\/ban-biocat-en-800x200-1.jpg 800w, https:\/\/xenome.genoscope.cns.fr\/wp-content\/uploads\/2024\/12\/ban-biocat-en-800x200-1-300x75.jpg 300w, https:\/\/xenome.genoscope.cns.fr\/wp-content\/uploads\/2024\/12\/ban-biocat-en-800x200-1-768x192.jpg 768w, https:\/\/xenome.genoscope.cns.fr\/wp-content\/uploads\/2024\/12\/ban-biocat-en-800x200-1-500x125.jpg 500w\" sizes=\"(max-width: 800px) 100vw, 800px\" \/><\/a><\/figure>\n\n\n\n<figure class=\"wp-block-image size-full\"><a href=\"https:\/\/l2bms.genoscope.cns.fr\/fr\/accueil\/\"><img decoding=\"async\" width=\"521\" height=\"485\" src=\"https:\/\/xenome.genoscope.cns.fr\/wp-content\/uploads\/2024\/12\/HPLC-orbitrap-Thermo.jpg\" alt=\"\" class=\"wp-image-302\" style=\"aspect-ratio:1;object-fit:cover\" srcset=\"https:\/\/xenome.genoscope.cns.fr\/wp-content\/uploads\/2024\/12\/HPLC-orbitrap-Thermo.jpg 521w, https:\/\/xenome.genoscope.cns.fr\/wp-content\/uploads\/2024\/12\/HPLC-orbitrap-Thermo-300x279.jpg 300w, https:\/\/xenome.genoscope.cns.fr\/wp-content\/uploads\/2024\/12\/HPLC-orbitrap-Thermo-500x465.jpg 500w\" sizes=\"(max-width: 521px) 100vw, 521px\" \/><\/a><\/figure>\n\n\n\n<p class=\"has-text-align-center\"><a href=\"https:\/\/labgem.genoscope.cns.fr\/\">LABGeM<\/a><\/p>\n\n\n\n<p class=\"has-text-align-center\">LGBM<\/p>\n\n\n\n<p class=\"has-text-align-center\">L2BMS<\/p>\n<\/div>\n\n\n\n<div style=\"height:21px\" aria-hidden=\"true\" class=\"wp-block-spacer\"><\/div>\n\n\n\n<p class=\"has-text-align-center has-large-font-size\">Collaborateurs ext\u00e9rieurs<\/p>\n\n\n\n<div class=\"wp-block-group is-content-justification-center is-nowrap is-layout-flex wp-container-core-group-is-layout-23441af8 wp-block-group-is-layout-flex\">\n<figure class=\"wp-block-image size-full is-resized wp-container-content-69bc4bdf\"><img loading=\"lazy\" decoding=\"async\" width=\"97\" height=\"39\" src=\"https:\/\/xenome.genoscope.cns.fr\/wp-content\/uploads\/2024\/12\/image-5.png\" alt=\"\" class=\"wp-image-306\" style=\"object-fit:cover;width:152px;height:auto\"\/><\/figure>\n\n\n\n<figure class=\"wp-block-image size-full is-resized\"><img loading=\"lazy\" decoding=\"async\" width=\"134\" height=\"58\" src=\"https:\/\/xenome.genoscope.cns.fr\/wp-content\/uploads\/2024\/12\/image-4.png\" alt=\"\" class=\"wp-image-305\" style=\"width:146px;height:auto\"\/><\/figure>\n<\/div>\n\n\n\n<div style=\"height:56px\" aria-hidden=\"true\" class=\"wp-block-spacer\"><\/div>\n\n\n\n<p class=\"has-text-align-center has-large-font-size\">Financements<\/p>\n\n\n\n<div class=\"wp-block-group alignwide has-base-2-background-color has-text-color has-background has-link-color wp-elements-1dfbe26a9f40271fc2507f3cf1ed424d is-layout-grid wp-container-core-group-is-layout-cf0757a9 wp-block-group-is-layout-grid\" style=\"color:#ffffff42;margin-top:0;margin-bottom:0;padding-top:0;padding-right:var(--wp--preset--spacing--40);padding-bottom:0;padding-left:var(--wp--preset--spacing--40)\">\n<figure class=\"wp-block-image size-full is-resized wp-container-content-69bc4bdf wp-duotone-unset-2\"><a href=\"https:\/\/www.google.com\/url?sa=t&amp;source=web&amp;rct=j&amp;opi=89978449&amp;url=https:\/\/www.cea.fr\/&amp;ved=2ahUKEwjhtLrz3oaKAxVCK_sDHXvzAfgQFnoECCUQAQ&amp;usg=AOvVaw1rim4kod8siLP8nESkGPYJ\"><img loading=\"lazy\" decoding=\"async\" width=\"382\" height=\"312\" src=\"https:\/\/xenome.genoscope.cns.fr\/wp-content\/uploads\/2024\/12\/arton10339-4.png\" alt=\"\" class=\"wp-image-199\" style=\"object-fit:cover;width:150px;height:150px\" srcset=\"https:\/\/xenome.genoscope.cns.fr\/wp-content\/uploads\/2024\/12\/arton10339-4.png 382w, https:\/\/xenome.genoscope.cns.fr\/wp-content\/uploads\/2024\/12\/arton10339-4-300x245.png 300w\" sizes=\"(max-width: 382px) 100vw, 382px\" \/><\/a><\/figure>\n\n\n\n<figure class=\"wp-block-image size-full is-resized wp-container-content-69bc4bdf wp-duotone-unset-3\"><img loading=\"lazy\" decoding=\"async\" width=\"394\" height=\"288\" src=\"https:\/\/xenome.genoscope.cns.fr\/wp-content\/uploads\/2024\/12\/ancien-logo-du-cnrs_0-2.jpg\" alt=\"\" class=\"wp-image-502\" style=\"aspect-ratio:1;object-fit:cover;width:156px;height:auto\" srcset=\"https:\/\/xenome.genoscope.cns.fr\/wp-content\/uploads\/2024\/12\/ancien-logo-du-cnrs_0-2.jpg 394w, https:\/\/xenome.genoscope.cns.fr\/wp-content\/uploads\/2024\/12\/ancien-logo-du-cnrs_0-2-300x219.jpg 300w\" sizes=\"(max-width: 394px) 100vw, 394px\" \/><\/figure>\n\n\n\n<figure class=\"wp-block-image size-full is-resized wp-container-content-69bc4bdf wp-duotone-unset-4\" style=\"margin-top:var(--wp--preset--spacing--30);margin-bottom:var(--wp--preset--spacing--30)\"><a href=\"https:\/\/www.univ-evry.fr\/accueil.html\"><img loading=\"lazy\" decoding=\"async\" width=\"356\" height=\"142\" src=\"https:\/\/xenome.genoscope.cns.fr\/wp-content\/uploads\/2024\/12\/images-1.png\" alt=\"\" class=\"wp-image-202\" style=\"width:218px;height:auto\" srcset=\"https:\/\/xenome.genoscope.cns.fr\/wp-content\/uploads\/2024\/12\/images-1.png 356w, https:\/\/xenome.genoscope.cns.fr\/wp-content\/uploads\/2024\/12\/images-1-300x120.png 300w\" sizes=\"(max-width: 356px) 100vw, 356px\" \/><\/a><\/figure>\n\n\n\n<figure class=\"wp-block-image size-full is-resized wp-container-content-69bc4bdf wp-duotone-unset-5\"><a href=\"https:\/\/www.newmrna.eu\/\"><img loading=\"lazy\" decoding=\"async\" width=\"312\" height=\"237\" src=\"https:\/\/xenome.genoscope.cns.fr\/wp-content\/uploads\/2024\/12\/Image1-1.png\" alt=\"\" class=\"wp-image-204\" style=\"width:163px;height:auto\" srcset=\"https:\/\/xenome.genoscope.cns.fr\/wp-content\/uploads\/2024\/12\/Image1-1.png 312w, https:\/\/xenome.genoscope.cns.fr\/wp-content\/uploads\/2024\/12\/Image1-1-300x228.png 300w\" sizes=\"(max-width: 312px) 100vw, 312px\" \/><\/a><\/figure>\n\n\n\n<figure class=\"wp-block-image size-full wp-duotone-unset-6\"><a href=\"https:\/\/www.genopole.fr\/\"><img loading=\"lazy\" decoding=\"async\" width=\"473\" height=\"346\" src=\"https:\/\/xenome.genoscope.cns.fr\/wp-content\/uploads\/2024\/12\/CP_genopole-1.jpg\" alt=\"\" class=\"wp-image-203\" srcset=\"https:\/\/xenome.genoscope.cns.fr\/wp-content\/uploads\/2024\/12\/CP_genopole-1.jpg 473w, https:\/\/xenome.genoscope.cns.fr\/wp-content\/uploads\/2024\/12\/CP_genopole-1-300x219.jpg 300w\" sizes=\"(max-width: 473px) 100vw, 473px\" \/><\/a><\/figure>\n\n\n\n<figure class=\"wp-block-image size-full wp-container-content-69bc4bdf wp-duotone-unset-7\" style=\"margin-top:var(--wp--preset--spacing--40);margin-bottom:var(--wp--preset--spacing--40)\"><a href=\"https:\/\/www.universite-paris-saclay.fr\/objets-interdisciplinaires\/microbes\"><img loading=\"lazy\" decoding=\"async\" width=\"556\" height=\"102\" src=\"https:\/\/xenome.genoscope.cns.fr\/wp-content\/uploads\/2024\/12\/OI_MICROBES_logo_1-1.png\" alt=\"\" class=\"wp-image-205\" srcset=\"https:\/\/xenome.genoscope.cns.fr\/wp-content\/uploads\/2024\/12\/OI_MICROBES_logo_1-1.png 556w, https:\/\/xenome.genoscope.cns.fr\/wp-content\/uploads\/2024\/12\/OI_MICROBES_logo_1-1-300x55.png 300w, https:\/\/xenome.genoscope.cns.fr\/wp-content\/uploads\/2024\/12\/OI_MICROBES_logo_1-1-500x92.png 500w\" sizes=\"(max-width: 556px) 100vw, 556px\" \/><\/a><\/figure>\n<\/div>\n\n\n\n<p><\/p>","protected":false},"excerpt":{"rendered":"<p>Our laboratory focuses on nucleic acid diversification with the development of artificial information systems based on a new type of nucleic acid named XNA for Xenobiotic Nucleic Acids and the study of nucleic acid diversification in the natural living world. The Xenome team is part of the Synthetic and Systems Biology Laboratory (LiSSB) (Dir V. Pezo) of the UMR 8030 research unit (Metabolic Genomics), attached to the CEA&#8217;s Fran\u00e7ois Jacob Institute of Biology. We are located at the Genoscope (Centre National de S\u00e9quen\u00e7age) in Evry (30 km south of Paris). Our team benefits from a highly dynamic, interdisciplinary environment, including biologists, microbiologists, chemists, biochemists, computer scientists and bioinformaticians. CEA collaborators LABGeM LGBM L2BMS External collaborators Fundings<\/p>","protected":false},"author":1,"featured_media":0,"parent":0,"menu_order":0,"comment_status":"closed","ping_status":"closed","template":"","meta":{"footnotes":""},"class_list":["post-44","page","type-page","status-publish","hentry"],"_links":{"self":[{"href":"https:\/\/xenome.genoscope.cns.fr\/fr\/wp-json\/wp\/v2\/pages\/44","targetHints":{"allow":["GET"]}}],"collection":[{"href":"https:\/\/xenome.genoscope.cns.fr\/fr\/wp-json\/wp\/v2\/pages"}],"about":[{"href":"https:\/\/xenome.genoscope.cns.fr\/fr\/wp-json\/wp\/v2\/types\/page"}],"author":[{"embeddable":true,"href":"https:\/\/xenome.genoscope.cns.fr\/fr\/wp-json\/wp\/v2\/users\/1"}],"replies":[{"embeddable":true,"href":"https:\/\/xenome.genoscope.cns.fr\/fr\/wp-json\/wp\/v2\/comments?post=44"}],"version-history":[{"count":115,"href":"https:\/\/xenome.genoscope.cns.fr\/fr\/wp-json\/wp\/v2\/pages\/44\/revisions"}],"predecessor-version":[{"id":538,"href":"https:\/\/xenome.genoscope.cns.fr\/fr\/wp-json\/wp\/v2\/pages\/44\/revisions\/538"}],"wp:attachment":[{"href":"https:\/\/xenome.genoscope.cns.fr\/fr\/wp-json\/wp\/v2\/media?parent=44"}],"curies":[{"name":"wp","href":"https:\/\/api.w.org\/{rel}","templated":true}]}}